{"id":1565,"date":"2024-05-06T22:43:54","date_gmt":"2024-05-07T04:43:54","guid":{"rendered":"https:\/\/padreshastalamadre.com\/?post_type=product&#038;p=1565"},"modified":"2024-05-07T04:42:04","modified_gmt":"2024-05-07T10:42:04","slug":"taller-de-paternidad-efectiva","status":"publish","type":"product","link":"https:\/\/padreshastalamadre.com\/en\/cursos-recursos\/taller-de-paternidad-efectiva\/","title":{"rendered":"Taller de Paternidad Efectiva: Manejo de mi culpa. 2 de Abril"},"content":{"rendered":"<p>\u00a1Descubre nuestro Taller de <strong>Paternidad Efectiva<\/strong> y aprende a manejar tu culpa de manera efectiva! En este curso, te ofrecemos herramientas pr\u00e1cticas y concretas para abordar los desaf\u00edos de la paternidad con confianza y seguridad.<\/p>\n<p>Nuestro enfoque se centra en **soluciones personalizadas** para que puedas encontrar estrategias efectivas que se adapten a tus necesidades espec\u00edficas. Adem\u00e1s, te brindamos un **apoyo personalizado** a lo largo del curso, para que te sientas acompa\u00f1ado\/a en cada paso del camino.<\/p>\n<p>Con el Taller de **Paternidad Efectiva**, no solo encontrar\u00e1s formas de manejar tu culpa, sino que tambi\u00e9n descubrir\u00e1s c\u00f3mo fortalecer tus habilidades como padre\/madre y mejorar la relaci\u00f3n con tus hijos. Nuestro objetivo es proporcionarte una experiencia transformadora y duradera.<\/p>\n<p>\u00danete a nosotros y descubre c\u00f3mo puedes convertirte en un padre\/madre m\u00e1s seguro\/a y capacitado\/a. \u00a1No esperes m\u00e1s para comenzar tu viaje hacia una paternidad m\u00e1s consciente y conectada!<\/p>","protected":false},"excerpt":{"rendered":"<p>Este <strong>22 de abril<\/strong> asiste a nuestro <strong>taller presencial<\/strong> y descubre lo <strong>que tenemos para t\u00ed:<br \/>\n<\/strong><br \/>\n<br \/>\n&#8211; Pr\u00e1ctico y Concreto<br \/>\n<br \/>\n&#8211; Apoyo Personalizado<br \/>\n<br \/>\n&#8211; Estrategias Efectivas<\/p>","protected":false},"featured_media":1573,"template":"","meta":[],"product_brand":[],"product_cat":[30],"product_tag":[],"class_list":{"0":"post-1565","1":"product","2":"type-product","3":"status-publish","4":"has-post-thumbnail","6":"product_cat-asesorias","8":"first","9":"instock","10":"featured","11":"taxable","12":"shipping-taxable","13":"purchasable","14":"product-type-simple"},"yoast_head":"<!-- This site is optimized with the Yoast SEO Premium plugin v22.4 (Yoast SEO v22.4) - https:\/\/yoast.com\/wordpress\/plugins\/seo\/ -->\n<title>Taller de Paternidad Efectiva: Manejo de mi culpa. 2 de Abril - \u00a1Padres hasta la MADRE!<\/title>\n<meta name=\"description\" content=\"Nos dedicamos a fortalecer los lazos familiares y promover una crianza respetuosa y amorosa. Descubre nuestros cursos, talleres y terapias dise\u00f1ados para ayudarte a ser el mejor padre o madre que puedas ser.\" \/>\n<meta name=\"robots\" content=\"index, follow, max-snippet:-1, max-image-preview:large, max-video-preview:-1\" \/>\n<link rel=\"canonical\" href=\"https:\/\/padreshastalamadre.com\/en\/cursos-recursos\/taller-de-paternidad-efectiva\/\" \/>\n<meta property=\"og:locale\" content=\"en_US\" \/>\n<meta property=\"og:type\" content=\"article\" \/>\n<meta property=\"og:title\" content=\"Taller de Paternidad Efectiva: Manejo de mi culpa. 2 de Abril\" \/>\n<meta property=\"og:description\" content=\"Nos dedicamos a fortalecer los lazos familiares y promover una crianza respetuosa y amorosa. Descubre nuestros cursos, talleres y terapias dise\u00f1ados para ayudarte a ser el mejor padre o madre que puedas ser.\" \/>\n<meta property=\"og:url\" content=\"https:\/\/padreshastalamadre.com\/en\/cursos-recursos\/taller-de-paternidad-efectiva\/\" \/>\n<meta property=\"og:site_name\" content=\"\u00a1Padres hasta la MADRE!\" \/>\n<meta property=\"article:modified_time\" content=\"2024-05-07T10:42:04+00:00\" \/>\n<meta property=\"og:image\" content=\"https:\/\/mlhkb0xb0iud.i.optimole.com\/w:auto\/h:auto\/q:mauto\/f:best\/ig:avif\/https:\/\/padreshastalamadre.com\/wp-content\/uploads\/2024\/05\/prod2.jpg\" \/>\n\t<meta property=\"og:image:width\" content=\"800\" \/>\n\t<meta property=\"og:image:height\" content=\"800\" \/>\n\t<meta property=\"og:image:type\" content=\"image\/jpeg\" \/>\n<meta name=\"twitter:card\" content=\"summary_large_image\" \/>\n<meta name=\"twitter:label1\" content=\"Est. reading time\" \/>\n\t<meta name=\"twitter:data1\" content=\"1 minute\" \/>\n<script type=\"application\/ld+json\" class=\"yoast-schema-graph\">{\"@context\":\"https:\/\/schema.org\",\"@graph\":[{\"@type\":\"WebPage\",\"@id\":\"https:\/\/padreshastalamadre.com\/cursos-recursos\/taller-de-paternidad-efectiva\/\",\"url\":\"https:\/\/padreshastalamadre.com\/cursos-recursos\/taller-de-paternidad-efectiva\/\",\"name\":\"Taller de Paternidad Efectiva: Manejo de mi culpa. 2 de Abril - \u00a1Padres hasta la MADRE!\",\"isPartOf\":{\"@id\":\"https:\/\/padreshastalamadre.com\/#website\"},\"primaryImageOfPage\":{\"@id\":\"https:\/\/padreshastalamadre.com\/cursos-recursos\/taller-de-paternidad-efectiva\/#primaryimage\"},\"image\":{\"@id\":\"https:\/\/padreshastalamadre.com\/cursos-recursos\/taller-de-paternidad-efectiva\/#primaryimage\"},\"thumbnailUrl\":\"https:\/\/mlhkb0xb0iud.i.optimole.com\/w:auto\/h:auto\/q:mauto\/f:best\/ig:avif\/https:\/\/padreshastalamadre.com\/wp-content\/uploads\/2024\/05\/prod2.jpg\",\"datePublished\":\"2024-05-07T04:43:54+00:00\",\"dateModified\":\"2024-05-07T10:42:04+00:00\",\"description\":\"Nos dedicamos a fortalecer los lazos familiares y promover una crianza respetuosa y amorosa. Descubre nuestros cursos, talleres y terapias dise\u00f1ados para ayudarte a ser el mejor padre o madre que puedas ser.\",\"breadcrumb\":{\"@id\":\"https:\/\/padreshastalamadre.com\/cursos-recursos\/taller-de-paternidad-efectiva\/#breadcrumb\"},\"inLanguage\":\"en-US\",\"potentialAction\":[{\"@type\":\"ReadAction\",\"target\":[\"https:\/\/padreshastalamadre.com\/cursos-recursos\/taller-de-paternidad-efectiva\/\"]}]},{\"@type\":\"ImageObject\",\"inLanguage\":\"en-US\",\"@id\":\"https:\/\/padreshastalamadre.com\/cursos-recursos\/taller-de-paternidad-efectiva\/#primaryimage\",\"url\":\"https:\/\/mlhkb0xb0iud.i.optimole.com\/w:auto\/h:auto\/q:mauto\/f:best\/ig:avif\/https:\/\/padreshastalamadre.com\/wp-content\/uploads\/2024\/05\/prod2.jpg\",\"contentUrl\":\"https:\/\/mlhkb0xb0iud.i.optimole.com\/w:auto\/h:auto\/q:mauto\/f:best\/ig:avif\/https:\/\/padreshastalamadre.com\/wp-content\/uploads\/2024\/05\/prod2.jpg\",\"width\":800,\"height\":800},{\"@type\":\"BreadcrumbList\",\"@id\":\"https:\/\/padreshastalamadre.com\/cursos-recursos\/taller-de-paternidad-efectiva\/#breadcrumb\",\"itemListElement\":[{\"@type\":\"ListItem\",\"position\":1,\"name\":\"Inicio\",\"item\":\"https:\/\/padreshastalamadre.com\/\"},{\"@type\":\"ListItem\",\"position\":2,\"name\":\"Cursos &amp; Recursos\",\"item\":\"https:\/\/padreshastalamadre.com\/cursos-recursos\/\"},{\"@type\":\"ListItem\",\"position\":3,\"name\":\"Taller de Paternidad Efectiva: Manejo de mi culpa. 2 de Abril\"}]},{\"@type\":\"WebSite\",\"@id\":\"https:\/\/padreshastalamadre.com\/#website\",\"url\":\"https:\/\/padreshastalamadre.com\/\",\"name\":\"\u00a1Padres hasta la MADRE!\",\"description\":\"Tu camino hacia la armonia familiar.\",\"publisher\":{\"@id\":\"https:\/\/padreshastalamadre.com\/#organization\"},\"alternateName\":\"Criando con Amor\",\"potentialAction\":[{\"@type\":\"SearchAction\",\"target\":{\"@type\":\"EntryPoint\",\"urlTemplate\":\"https:\/\/padreshastalamadre.com\/?s={search_term_string}\"},\"query-input\":\"required name=search_term_string\"}],\"inLanguage\":\"en-US\"},{\"@type\":\"Organization\",\"@id\":\"https:\/\/padreshastalamadre.com\/#organization\",\"name\":\"Padres Hasta La Madre!\",\"alternateName\":\"Criando con Amor.\",\"url\":\"https:\/\/padreshastalamadre.com\/\",\"logo\":{\"@type\":\"ImageObject\",\"inLanguage\":\"en-US\",\"@id\":\"https:\/\/padreshastalamadre.com\/#\/schema\/logo\/image\/\",\"url\":\"https:\/\/mlhkb0xb0iud.i.optimole.com\/w:auto\/h:auto\/q:mauto\/ig:avif\/f:best\/https:\/\/padreshastalamadre.com\/wp-content\/uploads\/2024\/04\/fav-phlm.png\",\"contentUrl\":\"https:\/\/mlhkb0xb0iud.i.optimole.com\/w:auto\/h:auto\/q:mauto\/ig:avif\/f:best\/https:\/\/padreshastalamadre.com\/wp-content\/uploads\/2024\/04\/fav-phlm.png\",\"width\":512,\"height\":512,\"caption\":\"Padres Hasta La Madre!\"},\"image\":{\"@id\":\"https:\/\/padreshastalamadre.com\/#\/schema\/logo\/image\/\"},\"sameAs\":[\"https:\/\/www.instagram.com\/padreshastalamadre\/\"],\"publishingPrinciples\":\"https:\/\/padreshastalamadre.com\/servicios\/\",\"ownershipFundingInfo\":\"https:\/\/padreshastalamadre.com\/sobre-mi\/\"}]}<\/script>\n<!-- \/ Yoast SEO Premium plugin. -->","yoast_head_json":{"title":"Taller de Paternidad Efectiva: Manejo de mi culpa. 2 de Abril - \u00a1Padres hasta la MADRE!","description":"Nos dedicamos a fortalecer los lazos familiares y promover una crianza respetuosa y amorosa. Descubre nuestros cursos, talleres y terapias dise\u00f1ados para ayudarte a ser el mejor padre o madre que puedas ser.","robots":{"index":"index","follow":"follow","max-snippet":"max-snippet:-1","max-image-preview":"max-image-preview:large","max-video-preview":"max-video-preview:-1"},"canonical":"https:\/\/padreshastalamadre.com\/en\/cursos-recursos\/taller-de-paternidad-efectiva\/","og_locale":"en_US","og_type":"article","og_title":"Taller de Paternidad Efectiva: Manejo de mi culpa. 2 de Abril","og_description":"Nos dedicamos a fortalecer los lazos familiares y promover una crianza respetuosa y amorosa. Descubre nuestros cursos, talleres y terapias dise\u00f1ados para ayudarte a ser el mejor padre o madre que puedas ser.","og_url":"https:\/\/padreshastalamadre.com\/en\/cursos-recursos\/taller-de-paternidad-efectiva\/","og_site_name":"\u00a1Padres hasta la MADRE!","article_modified_time":"2024-05-07T10:42:04+00:00","og_image":[{"width":800,"height":800,"url":"https:\/\/mlhkb0xb0iud.i.optimole.com\/w:auto\/h:auto\/q:mauto\/f:best\/ig:avif\/https:\/\/padreshastalamadre.com\/wp-content\/uploads\/2024\/05\/prod2.jpg","type":"image\/jpeg"}],"twitter_card":"summary_large_image","twitter_misc":{"Est. reading time":"1 minute"},"schema":{"@context":"https:\/\/schema.org","@graph":[{"@type":"WebPage","@id":"https:\/\/padreshastalamadre.com\/cursos-recursos\/taller-de-paternidad-efectiva\/","url":"https:\/\/padreshastalamadre.com\/cursos-recursos\/taller-de-paternidad-efectiva\/","name":"Taller de Paternidad Efectiva: Manejo de mi culpa. 2 de Abril - \u00a1Padres hasta la MADRE!","isPartOf":{"@id":"https:\/\/padreshastalamadre.com\/#website"},"primaryImageOfPage":{"@id":"https:\/\/padreshastalamadre.com\/cursos-recursos\/taller-de-paternidad-efectiva\/#primaryimage"},"image":{"@id":"https:\/\/padreshastalamadre.com\/cursos-recursos\/taller-de-paternidad-efectiva\/#primaryimage"},"thumbnailUrl":"https:\/\/mlhkb0xb0iud.i.optimole.com\/w:auto\/h:auto\/q:mauto\/f:best\/ig:avif\/https:\/\/padreshastalamadre.com\/wp-content\/uploads\/2024\/05\/prod2.jpg","datePublished":"2024-05-07T04:43:54+00:00","dateModified":"2024-05-07T10:42:04+00:00","description":"Nos dedicamos a fortalecer los lazos familiares y promover una crianza respetuosa y amorosa. Descubre nuestros cursos, talleres y terapias dise\u00f1ados para ayudarte a ser el mejor padre o madre que puedas ser.","breadcrumb":{"@id":"https:\/\/padreshastalamadre.com\/cursos-recursos\/taller-de-paternidad-efectiva\/#breadcrumb"},"inLanguage":"en-US","potentialAction":[{"@type":"ReadAction","target":["https:\/\/padreshastalamadre.com\/cursos-recursos\/taller-de-paternidad-efectiva\/"]}]},{"@type":"ImageObject","inLanguage":"en-US","@id":"https:\/\/padreshastalamadre.com\/cursos-recursos\/taller-de-paternidad-efectiva\/#primaryimage","url":"https:\/\/mlhkb0xb0iud.i.optimole.com\/w:auto\/h:auto\/q:mauto\/f:best\/ig:avif\/https:\/\/padreshastalamadre.com\/wp-content\/uploads\/2024\/05\/prod2.jpg","contentUrl":"https:\/\/mlhkb0xb0iud.i.optimole.com\/w:auto\/h:auto\/q:mauto\/f:best\/ig:avif\/https:\/\/padreshastalamadre.com\/wp-content\/uploads\/2024\/05\/prod2.jpg","width":800,"height":800},{"@type":"BreadcrumbList","@id":"https:\/\/padreshastalamadre.com\/cursos-recursos\/taller-de-paternidad-efectiva\/#breadcrumb","itemListElement":[{"@type":"ListItem","position":1,"name":"Inicio","item":"https:\/\/padreshastalamadre.com\/"},{"@type":"ListItem","position":2,"name":"Cursos &amp; Recursos","item":"https:\/\/padreshastalamadre.com\/cursos-recursos\/"},{"@type":"ListItem","position":3,"name":"Taller de Paternidad Efectiva: Manejo de mi culpa. 2 de Abril"}]},{"@type":"WebSite","@id":"https:\/\/padreshastalamadre.com\/#website","url":"https:\/\/padreshastalamadre.com\/","name":"\u00a1Padres hasta la MADRE!","description":"Tu camino hacia la armonia familiar.","publisher":{"@id":"https:\/\/padreshastalamadre.com\/#organization"},"alternateName":"Criando con Amor","potentialAction":[{"@type":"SearchAction","target":{"@type":"EntryPoint","urlTemplate":"https:\/\/padreshastalamadre.com\/?s={search_term_string}"},"query-input":"required name=search_term_string"}],"inLanguage":"en-US"},{"@type":"Organization","@id":"https:\/\/padreshastalamadre.com\/#organization","name":"Padres Hasta La Madre!","alternateName":"Criando con Amor.","url":"https:\/\/padreshastalamadre.com\/","logo":{"@type":"ImageObject","inLanguage":"en-US","@id":"https:\/\/padreshastalamadre.com\/#\/schema\/logo\/image\/","url":"https:\/\/mlhkb0xb0iud.i.optimole.com\/w:auto\/h:auto\/q:mauto\/ig:avif\/f:best\/https:\/\/padreshastalamadre.com\/wp-content\/uploads\/2024\/04\/fav-phlm.png","contentUrl":"https:\/\/mlhkb0xb0iud.i.optimole.com\/w:auto\/h:auto\/q:mauto\/ig:avif\/f:best\/https:\/\/padreshastalamadre.com\/wp-content\/uploads\/2024\/04\/fav-phlm.png","width":512,"height":512,"caption":"Padres Hasta La Madre!"},"image":{"@id":"https:\/\/padreshastalamadre.com\/#\/schema\/logo\/image\/"},"sameAs":["https:\/\/www.instagram.com\/padreshastalamadre\/"],"publishingPrinciples":"https:\/\/padreshastalamadre.com\/servicios\/","ownershipFundingInfo":"https:\/\/padreshastalamadre.com\/sobre-mi\/"}]}},"_links":{"self":[{"href":"https:\/\/padreshastalamadre.com\/en\/wp-json\/wp\/v2\/product\/1565","targetHints":{"allow":["GET"]}}],"collection":[{"href":"https:\/\/padreshastalamadre.com\/en\/wp-json\/wp\/v2\/product"}],"about":[{"href":"https:\/\/padreshastalamadre.com\/en\/wp-json\/wp\/v2\/types\/product"}],"wp:featuredmedia":[{"embeddable":true,"href":"https:\/\/padreshastalamadre.com\/en\/wp-json\/wp\/v2\/media\/1573"}],"wp:attachment":[{"href":"https:\/\/padreshastalamadre.com\/en\/wp-json\/wp\/v2\/media?parent=1565"}],"wp:term":[{"taxonomy":"product_brand","embeddable":true,"href":"https:\/\/padreshastalamadre.com\/en\/wp-json\/wp\/v2\/product_brand?post=1565"},{"taxonomy":"product_cat","embeddable":true,"href":"https:\/\/padreshastalamadre.com\/en\/wp-json\/wp\/v2\/product_cat?post=1565"},{"taxonomy":"product_tag","embeddable":true,"href":"https:\/\/padreshastalamadre.com\/en\/wp-json\/wp\/v2\/product_tag?post=1565"}],"curies":[{"name":"wp","href":"https:\/\/api.w.org\/{rel}","templated":true}]}}